{"id":1314,"date":"2019-11-14T23:49:30","date_gmt":"2019-11-14T23:49:30","guid":{"rendered":"http:\/\/die-erle.de\/?page_id=1314"},"modified":"2020-11-29T20:03:40","modified_gmt":"2020-11-29T20:03:40","slug":"datenschutzerklaerung","status":"publish","type":"page","link":"http:\/\/die-erle.de\/?page_id=1314","title":{"rendered":"Datenschutzerkl\u00e4rung"},"content":{"rendered":"\n<p><strong>DATENSCHUTZHINWEISE<\/strong><br>I.<br>Informationen \u00fcber die Verarbeitung Ihrer Daten gem\u00e4\u00df Art. 13 der<br>Datenschutz-Grundverordnung (DS-GVO)<br>1. Verantwortlicher und Datenschutzbeauftragter<br>Verantwortlich f\u00fcr diese Website ist<br>Hans-Joachim Steinsiek, Cankebeerstr. 55, 26553 Dornum-Ostdorf, .<br>Den Datenschutzbeauftragten erreichen Sie per E-Mail unter<br>erle@verlag-steinsiek.de.<\/p>\n\n\n\n<p>2. Daten, die f\u00fcr die Bereitstellung der Website und die Erstellung der Protokolldateien verarbeitet werden<br>a. Welche Daten werden f\u00fcr welchen Zweck verarbeitet?<br>Bei jedem Zugriff auf Inhalte der Website werden vor\u00fcbergehend Daten<br>gespeichert, die m\u00f6glicherweise eine Identifizierung zulassen. Die folgenden Daten werden hierbei erhoben:<br>&#8211; Datum und Uhrzeit des Zugriffs<br>&#8211; IP-Adresse<br>&#8211; Hostname des zugreifenden Rechners<br>&#8211; Website, von der aus die Website aufgerufen wurde<br>&#8211; Websites, die \u00fcber die Website aufgerufen werden<br>&#8211; Besuchte Seite auf unserer Website<br>&#8211; Meldung, ob der Abruf erfolgreich war<br>&#8211; \u00dcbertragene Datenmenge<br>&#8211; Informationen \u00fcber den Browsertyp und die verwendete Version<br>&#8211; Betriebssystem<\/p>\n\n\n\n<p>Die vor\u00fcbergehende Speicherung der Daten ist f\u00fcr den Ablauf eines<br>Websitebesuchs erforderlich, um eine Auslieferung der Website zu<br>erm\u00f6glichen. Eine weitere Speicherung in Protokolldateien erfolgt, um<br>die Funktionsf\u00e4higkeit der Website und die Sicherheit der<br>informationstechnischen Systeme sicherzustellen. In diesen Zwecken liegt auch unser berechtigtes Interesse an der Datenverarbeitung.<br>b. Auf welcher Rechtsgrundlage werden diese Daten verarbeitet?<br>Die Daten werden auf der Grundlage des Art. 6 Abs. 1 Buchstabe f DS-GVO verarbeitet.<br>c. [ggf.:] Gibt es neben dem Verantwortlichen weitere Empf\u00e4nger der<br>personenbezogenen Daten?<br>Die Website wird bei<\/p>\n\n\n\n<p>STRATO AG<br>Pascalstra\u00dfe 10<br>10587 Berlin<br>gehostet. Der Hoster empf\u00e4ngt die oben genannten Daten als Auftragsverarbeiter.<br>d. Wie lange werden die Daten gespeichert?<br>Die Daten werden gel\u00f6scht, sobald sie f\u00fcr die Erreichung des Zwecks ihrer Erhebung nicht mehr erforderlich sind. Bei der Bereitstellung der Website ist dies der Fall, wenn die jeweilige Sitzung beendet ist. Die Protokolldateien werden [&#8230;, maximal bis zu 24 Stunden] direkt und ausschlie\u00dflich f\u00fcr Administratoren zug\u00e4nglich aufbewahrt. Danach sind sie nur noch indirekt \u00fcber die Rekonstruktion von Sicherungsb\u00e4ndern verf\u00fcgbar und werden nach [&#8230;, maximal vier Wochen] endg\u00fcltig gel\u00f6scht.<br>3. Betroffenenrechte<br>a. Recht auf Auskunft<br>Sie k\u00f6nnen Auskunft nach Art. 15 DS-GVO \u00fcber Ihre personenbezogenen Daten verlangen, die wir verarbeiten.<br>b. Recht auf Widerspruch:<br>Sie haben ein Recht auf Widerspruch aus besonderen Gr\u00fcnden (siehe unter<br>Punkt II).<br>c. Recht auf Berichtigung:<br>Sollten die Sie betreffenden Angaben nicht (mehr) zutreffend sein, k\u00f6nnen Sie nach Art. 16 DS-GVO eine Berichtigung verlangen. Sollten Ihre Daten unvollst\u00e4ndig sein, k\u00f6nnen Sie eine Vervollst\u00e4ndigung verlangen.<br>d. Recht auf L\u00f6schung:<br>Sie k\u00f6nnen nach Art. 17 DS-GVO die L\u00f6schung Ihrer personenbezogenen Daten verlangen.<br>e. Recht auf Einschr\u00e4nkung der Verarbeitung:<br>Sie haben nach Art. 18 DS-GVO das Recht, eine Einschr\u00e4nkung der<br>Verarbeitung Ihrer personenbezogenen Daten zu verlangen.<br>f. Recht auf Beschwerde:<br>Wenn Sie der Ansicht sind, dass die Verarbeitung Ihrer personenbezogenen Daten gegen Datenschutzrecht verst\u00f6\u00dft, haben Sie nach Ar. 77 Abs. 1 DS-GVO das Recht, sich bei einer Datenschutzaufsichtsbeh\u00f6rde eigener Wahl zu beschweren. Hierzu geh\u00f6rt auch die f\u00fcr den Verantwortlichen zust\u00e4ndige Datenschutzaufsichtsbeh\u00f6rde: Landesbeauftragte f\u00fcr Datenschutz<br>Niedersachsen, Prinzenstra\u00dfe 5, 30159 Hannover<\/p>\n\n\n\n<p>g. Recht auf Daten\u00fcbertragbarkeit<br>F\u00fcr den Fall, dass die Voraussetzungen des Art. 20 Abs. 1 DS-GVO<br>vorliegen, steht Ihnen das Recht zu, sich Daten, die wir auf Grundlage Ihrer Einwilligung oder in Erf\u00fcllung eines Vertrags automatisiert verarbeiten, an sich oder an Dritte aush\u00e4ndigen zu lassen. Die Erfassung der Daten zur Bereitstellung der Website und die Speicherung der Protokolldateien sind f\u00fcr den Betrieb der Internetseite zwingend erforderlich. Sie beruhen daher nicht auf einer Einwilligung nach Art. 6 Abs. 1 Buchstabe a DS-GVO oder auf einem Vertrag nach Art. 6 Abs. 1 Buchstabe b DS-GVO, sondern sind nach Art. 6 Abs. 1 Buchstabe f DS-GVO gerechtfertigt. Die Voraussetzungen des Art. 20 Abs. 1 DS-GVO sind demnach insoweit nicht erf\u00fcllt.<\/p>\n\n\n\n<p>II. Recht auf Widerspruch gem\u00e4\u00df Art. 21 Abs. 1 DS-GVO<br>Sie haben das Recht, aus Gr\u00fcnden, die sich aus Ihrer besonderen Situation ergeben, jederzeit gegen die Verarbeitung Ihrer personenbezogenen Daten, die aufgrund von Artikel 6 Abs. 1 Buchstabe f DS-GVO erfolgt, Widerspruch einzulegen. Der<br>Verantwortliche verarbeitet die personenbezogenen Daten dann nicht mehr, es sei denn, er kann zwingende schutzw\u00fcrdige Gr\u00fcnde f\u00fcr die Verarbeitung nachweisen, die die Interessen, Rechte und Freiheiten der betroffenen Person \u00fcberwiegen, oder die Verarbeitung dient der Geltendmachung, Aus\u00fcbung oder Verteidigung von Rechtsanspr\u00fcchen. Die Erfassung der Daten zur Bereitstellung der Website und die<br>Speicherung der Protokolldateien sind f\u00fcr den Betrieb der Internetseite zwingend erforderlich.<\/p>\n\n\n\n<p>g. Recht auf Daten\u00fcbertragbarkeit<br>F\u00fcr den Fall, dass die Voraussetzungen des Art. 20 Abs. 1 DS-GVO<br>vorliegen, steht Ihnen das Recht zu, sich Daten, die wir auf Grundlage Ihrer Einwilligung oder in Erf\u00fcllung eines Vertrags automatisiert verarbeiten, an sich oder an Dritte aush\u00e4ndigen zu lassen. Die Erfassung der Daten zur Bereitstellung der Website und die Speicherung der Protokolldateien sind f\u00fcr den Betrieb der Internetseite zwingend erforderlich. Sie beruhen daher nicht auf einer Einwilligung nach Art. 6 Abs. 1 Buchstabe a DS-GVO oder auf einem Vertrag nach Art. 6 Abs. 1 Buchstabe b DS-GVO, sondern sind nach Art. 6 Abs. 1 Buchstabe f DS-GVO gerechtfertigt. Die Voraussetzungen des Art. 20 Abs. 1 DS-GVO sind demnach insoweit nicht erf\u00fcllt.<\/p>\n\n\n\n<p>II. Recht auf Widerspruch gem\u00e4\u00df Art. 21 Abs. 1 DS-GVO<br>Sie haben das Recht, aus Gr\u00fcnden, die sich aus Ihrer besonderen Situation ergeben, jederzeit gegen die Verarbeitung Ihrer personenbezogenen Daten, die aufgrund von Artikel 6 Abs. 1 Buchstabe f DS-GVO erfolgt, Widerspruch einzulegen. Der<br>Verantwortliche verarbeitet die personenbezogenen Daten dann nicht mehr, es sei denn, er kann zwingende schutzw\u00fcrdige Gr\u00fcnde f\u00fcr die Verarbeitung nachweisen, die die Interessen, Rechte und Freiheiten der betroffenen Person \u00fcberwiegen, oder die Verarbeitung dient der Geltendmachung, Aus\u00fcbung oder Verteidigung von Rechtsanspr\u00fcchen. Die Erfassung der Daten zur Bereitstellung der Website und die<br>Speicherung der Protokolldateien sind f\u00fcr den Betrieb der Internetseite zwingend erforderlich.<\/p>\n\n\n\n<p><\/p>\n","protected":false},"excerpt":{"rendered":"<p>DATENSCHUTZHINWEISEI.Informationen \u00fcber die Verarbeitung Ihrer Daten gem\u00e4\u00df Art. 13 derDatenschutz-Grundverordnung (DS-GVO)1. Verantwortlicher und DatenschutzbeauftragterVerantwortlich f\u00fcr diese Website istHans-Joachim Steinsiek, Cankebeerstr. 55, 26553 Dornum-Ostdorf, .Den Datenschutzbeauftragten erreichen Sie per E-Mail untererle@verlag-steinsiek.de. 2. Daten, die f\u00fcr die Bereitstellung der Website und die Erstellung der Protokolldateien verarbeitet werdena. Welche Daten werden f\u00fcr welchen Zweck verarbeitet?Bei jedem Zugriff auf [&hellip;]<\/p>\n","protected":false},"author":1,"featured_media":0,"parent":0,"menu_order":0,"comment_status":"closed","ping_status":"closed","template":"","meta":{"footnotes":""},"jetpack_sharing_enabled":true,"_links":{"self":[{"href":"http:\/\/die-erle.de\/index.php?rest_route=\/wp\/v2\/pages\/1314"}],"collection":[{"href":"http:\/\/die-erle.de\/index.php?rest_route=\/wp\/v2\/pages"}],"about":[{"href":"http:\/\/die-erle.de\/index.php?rest_route=\/wp\/v2\/types\/page"}],"author":[{"embeddable":true,"href":"http:\/\/die-erle.de\/index.php?rest_route=\/wp\/v2\/users\/1"}],"replies":[{"embeddable":true,"href":"http:\/\/die-erle.de\/index.php?rest_route=%2Fwp%2Fv2%2Fcomments&post=1314"}],"version-history":[{"count":8,"href":"http:\/\/die-erle.de\/index.php?rest_route=\/wp\/v2\/pages\/1314\/revisions"}],"predecessor-version":[{"id":1414,"href":"http:\/\/die-erle.de\/index.php?rest_route=\/wp\/v2\/pages\/1314\/revisions\/1414"}],"wp:attachment":[{"href":"http:\/\/die-erle.de\/index.php?rest_route=%2Fwp%2Fv2%2Fmedia&parent=1314"}],"curies":[{"name":"wp","href":"https:\/\/api.w.org\/{rel}","templated":true}]}}